{"id":2,"date":"2026-04-07T14:13:18","date_gmt":"2026-04-07T14:13:18","guid":{"rendered":"https:\/\/beyza.oructurk.icca-reims.fr\/?page_id=2"},"modified":"2026-04-15T10:58:30","modified_gmt":"2026-04-15T10:58:30","slug":"sample-page","status":"publish","type":"page","link":"https:\/\/beyza.oructurk.icca-reims.fr\/","title":{"rendered":"Nom Pr\u00e9nom"},"content":{"rendered":"\n<div class=\"wp-block-uagb-container uagb-block-a01c5f93 alignfull uagb-is-root-container\"><div class=\"uagb-container-inner-blocks-wrap\">\n<div class=\"wp-block-uagb-container uagb-block-da478959\">\n<p>Je m\u2019appelle Beyza, sp\u00e9cialiste en<br>communication entre Paris et Reims.<br><br>Pour moi, cr\u00e9er, c&rsquo;est la facult\u00e9 de traduire<br>une pens\u00e9e abstraite en une \u00e9motion<br>tangible.<br><br>Mon parcours navigue entre le journalisme,<br>la communication et les langues.<\/p>\n<\/div>\n\n\n\n<div class=\"wp-block-uagb-container uagb-block-39e5e1d6\"><\/div>\n\n\n\n<div class=\"wp-block-uagb-container uagb-block-c09bfa62\">\n<p>Au quotidien, je puise mon inspiration dans<br>la beaut\u00e9 de l\u2019ordinaire. <br><br>Quel que soit le projet sur lequel je<br>travaille, mon intention reste la m\u00eame :<br><br><em>fa\u00e7onner des histoires qui f\u00e9d\u00e8rent et<br>laisser une sensation chaleureuse au<br>spectateur.<\/em><\/p>\n<\/div>\n<\/div><\/div>\n\n\n\n<div class=\"wp-block-uagb-container uagb-block-65ca4cf4 alignfull uagb-is-root-container\"><div class=\"uagb-container-inner-blocks-wrap\">\n<div class=\"wp-block-uagb-container uagb-block-f110c435\">\n<figure class=\"wp-block-image size-full\"><img loading=\"lazy\" decoding=\"async\" width=\"736\" height=\"823\" src=\"https:\/\/beyza.oructurk.icca-reims.fr\/wp-content\/uploads\/2026\/04\/10.jpg\" alt=\"\" class=\"wp-image-12\" srcset=\"https:\/\/beyza.oructurk.icca-reims.fr\/wp-content\/uploads\/2026\/04\/10.jpg 736w, https:\/\/beyza.oructurk.icca-reims.fr\/wp-content\/uploads\/2026\/04\/10-268x300.jpg 268w\" sizes=\"auto, (max-width: 736px) 100vw, 736px\" \/><\/figure>\n<\/div>\n\n\n\n<h2 class=\"wp-block-heading\">Playlist <\/h2>\n<\/div><\/div>\n\n\n\n<div class=\"wp-block-group is-nowrap is-layout-flex wp-container-core-group-is-layout-6c531013 wp-block-group-is-layout-flex\">\n<p><\/p>\n<\/div>\n\n\n\n<div class=\"wp-block-uagb-advanced-heading uagb-block-e846e9dd\"><h2 class=\"uagb-heading-text\">Avril 2026<\/h2><\/div>\n\n\n\n<h4 class=\"wp-block-heading has-text-align-right\">mixtape<\/h4>\n\n\n\n<p>titres de musiques sur 7 ou 8 lignes<\/p>\n\n\n\n<h2 class=\"wp-block-heading alignwide has-text-align-right\"><strong><em>from<\/em> love not <em>for<\/em> love<\/strong><\/h2>\n\n\n\n<div class=\"wp-block-uagb-container uagb-block-090f24ae alignfull uagb-is-root-container\"><div class=\"uagb-container-inner-blocks-wrap\">\n<div class=\"wp-block-uagb-container uagb-block-5359856e\"><\/div>\n\n\n\n<div class=\"wp-block-uagb-container uagb-block-de75b4b4\"><\/div>\n\n\n\n<div class=\"wp-block-uagb-container uagb-block-59964495\"><\/div>\n\n\n\n<div class=\"wp-block-uagb-container uagb-block-8d0431ba\"><\/div>\n<\/div><\/div>\n\n\n\n<p><\/p>\n","protected":false},"excerpt":{"rendered":"<p>Je m\u2019appelle Beyza, sp\u00e9cialiste encommunication entre Paris et Reims. Pour moi, cr\u00e9er, c&rsquo;est la facult\u00e9 de traduireune pens\u00e9e abstraite en une \u00e9motiontangible. Mon parcours navigue entre le journalisme,la communication et les langues. Au quotidien, je puise mon inspiration dansla beaut\u00e9 de l\u2019ordinaire. Quel que soit le projet sur lequel jetravaille, mon intention reste la m\u00eame [&hellip;]<\/p>\n","protected":false},"author":1,"featured_media":0,"parent":0,"menu_order":0,"comment_status":"closed","ping_status":"open","template":"","meta":{"_uag_custom_page_level_css":"","footnotes":""},"class_list":["post-2","page","type-page","status-publish","hentry"],"yoast_head":"<!-- This site is optimized with the Yoast SEO plugin v27.4 - https:\/\/yoast.com\/product\/yoast-seo-wordpress\/ -->\n<title>Nom Pr\u00e9nom - Produits sublimes<\/title>\n<meta name=\"robots\" content=\"noindex, follow, max-snippet:-1, max-image-preview:large, max-video-preview:-1\" \/>\n<meta property=\"og:locale\" content=\"fr_FR\" \/>\n<meta property=\"og:type\" content=\"article\" \/>\n<meta property=\"og:title\" content=\"Nom Pr\u00e9nom - Produits sublimes\" \/>\n<meta property=\"og:description\" content=\"Je m\u2019appelle Beyza, sp\u00e9cialiste encommunication entre Paris et Reims. Pour moi, cr\u00e9er, c&rsquo;est la facult\u00e9 de traduireune pens\u00e9e abstraite en une \u00e9motiontangible. Mon parcours navigue entre le journalisme,la communication et les langues. Au quotidien, je puise mon inspiration dansla beaut\u00e9 de l\u2019ordinaire. Quel que soit le projet sur lequel jetravaille, mon intention reste la m\u00eame [&hellip;]\" \/>\n<meta property=\"og:url\" content=\"https:\/\/beyza.oructurk.icca-reims.fr\/\" \/>\n<meta property=\"og:site_name\" content=\"Produits sublimes\" \/>\n<meta property=\"article:modified_time\" content=\"2026-04-15T10:58:30+00:00\" \/>\n<meta property=\"og:image\" content=\"https:\/\/beyza.oructurk.icca-reims.fr\/wp-content\/uploads\/2026\/04\/10.jpg\" \/>\n\t<meta property=\"og:image:width\" content=\"736\" \/>\n\t<meta property=\"og:image:height\" content=\"823\" \/>\n\t<meta property=\"og:image:type\" content=\"image\/jpeg\" \/>\n<meta name=\"twitter:card\" content=\"summary_large_image\" \/>\n<meta name=\"twitter:label1\" content=\"Dur\u00e9e de lecture estim\u00e9e\" \/>\n\t<meta name=\"twitter:data1\" content=\"1 minute\" \/>\n<script type=\"application\/ld+json\" class=\"yoast-schema-graph\">{\"@context\":\"https:\\\/\\\/schema.org\",\"@graph\":[{\"@type\":\"WebPage\",\"@id\":\"https:\\\/\\\/beyza.oructurk.icca-reims.fr\\\/\",\"url\":\"https:\\\/\\\/beyza.oructurk.icca-reims.fr\\\/\",\"name\":\"Nom Pr\u00e9nom - Produits sublimes\",\"isPartOf\":{\"@id\":\"https:\\\/\\\/beyza.oructurk.icca-reims.fr\\\/#website\"},\"primaryImageOfPage\":{\"@id\":\"https:\\\/\\\/beyza.oructurk.icca-reims.fr\\\/#primaryimage\"},\"image\":{\"@id\":\"https:\\\/\\\/beyza.oructurk.icca-reims.fr\\\/#primaryimage\"},\"thumbnailUrl\":\"https:\\\/\\\/beyza.oructurk.icca-reims.fr\\\/wp-content\\\/uploads\\\/2026\\\/04\\\/10.jpg\",\"datePublished\":\"2026-04-07T14:13:18+00:00\",\"dateModified\":\"2026-04-15T10:58:30+00:00\",\"breadcrumb\":{\"@id\":\"https:\\\/\\\/beyza.oructurk.icca-reims.fr\\\/#breadcrumb\"},\"inLanguage\":\"fr-FR\",\"potentialAction\":[{\"@type\":\"ReadAction\",\"target\":[\"https:\\\/\\\/beyza.oructurk.icca-reims.fr\\\/\"]}]},{\"@type\":\"ImageObject\",\"inLanguage\":\"fr-FR\",\"@id\":\"https:\\\/\\\/beyza.oructurk.icca-reims.fr\\\/#primaryimage\",\"url\":\"https:\\\/\\\/beyza.oructurk.icca-reims.fr\\\/wp-content\\\/uploads\\\/2026\\\/04\\\/10.jpg\",\"contentUrl\":\"https:\\\/\\\/beyza.oructurk.icca-reims.fr\\\/wp-content\\\/uploads\\\/2026\\\/04\\\/10.jpg\",\"width\":736,\"height\":823},{\"@type\":\"BreadcrumbList\",\"@id\":\"https:\\\/\\\/beyza.oructurk.icca-reims.fr\\\/#breadcrumb\",\"itemListElement\":[{\"@type\":\"ListItem\",\"position\":1,\"name\":\"Accueil\",\"item\":\"https:\\\/\\\/beyza.oructurk.icca-reims.fr\\\/\"},{\"@type\":\"ListItem\",\"position\":2,\"name\":\"Nom Pr\u00e9nom\"}]},{\"@type\":\"WebSite\",\"@id\":\"https:\\\/\\\/beyza.oructurk.icca-reims.fr\\\/#website\",\"url\":\"https:\\\/\\\/beyza.oructurk.icca-reims.fr\\\/\",\"name\":\"Produits sublimes\",\"description\":\"\",\"potentialAction\":[{\"@type\":\"SearchAction\",\"target\":{\"@type\":\"EntryPoint\",\"urlTemplate\":\"https:\\\/\\\/beyza.oructurk.icca-reims.fr\\\/?s={search_term_string}\"},\"query-input\":{\"@type\":\"PropertyValueSpecification\",\"valueRequired\":true,\"valueName\":\"search_term_string\"}}],\"inLanguage\":\"fr-FR\"}]}<\/script>\n<!-- \/ Yoast SEO plugin. -->","yoast_head_json":{"title":"Nom Pr\u00e9nom - Produits sublimes","robots":{"index":"noindex","follow":"follow","max-snippet":"max-snippet:-1","max-image-preview":"max-image-preview:large","max-video-preview":"max-video-preview:-1"},"og_locale":"fr_FR","og_type":"article","og_title":"Nom Pr\u00e9nom - Produits sublimes","og_description":"Je m\u2019appelle Beyza, sp\u00e9cialiste encommunication entre Paris et Reims. Pour moi, cr\u00e9er, c&rsquo;est la facult\u00e9 de traduireune pens\u00e9e abstraite en une \u00e9motiontangible. Mon parcours navigue entre le journalisme,la communication et les langues. Au quotidien, je puise mon inspiration dansla beaut\u00e9 de l\u2019ordinaire. Quel que soit le projet sur lequel jetravaille, mon intention reste la m\u00eame [&hellip;]","og_url":"https:\/\/beyza.oructurk.icca-reims.fr\/","og_site_name":"Produits sublimes","article_modified_time":"2026-04-15T10:58:30+00:00","og_image":[{"width":736,"height":823,"url":"https:\/\/beyza.oructurk.icca-reims.fr\/wp-content\/uploads\/2026\/04\/10.jpg","type":"image\/jpeg"}],"twitter_card":"summary_large_image","twitter_misc":{"Dur\u00e9e de lecture estim\u00e9e":"1 minute"},"schema":{"@context":"https:\/\/schema.org","@graph":[{"@type":"WebPage","@id":"https:\/\/beyza.oructurk.icca-reims.fr\/","url":"https:\/\/beyza.oructurk.icca-reims.fr\/","name":"Nom Pr\u00e9nom - Produits sublimes","isPartOf":{"@id":"https:\/\/beyza.oructurk.icca-reims.fr\/#website"},"primaryImageOfPage":{"@id":"https:\/\/beyza.oructurk.icca-reims.fr\/#primaryimage"},"image":{"@id":"https:\/\/beyza.oructurk.icca-reims.fr\/#primaryimage"},"thumbnailUrl":"https:\/\/beyza.oructurk.icca-reims.fr\/wp-content\/uploads\/2026\/04\/10.jpg","datePublished":"2026-04-07T14:13:18+00:00","dateModified":"2026-04-15T10:58:30+00:00","breadcrumb":{"@id":"https:\/\/beyza.oructurk.icca-reims.fr\/#breadcrumb"},"inLanguage":"fr-FR","potentialAction":[{"@type":"ReadAction","target":["https:\/\/beyza.oructurk.icca-reims.fr\/"]}]},{"@type":"ImageObject","inLanguage":"fr-FR","@id":"https:\/\/beyza.oructurk.icca-reims.fr\/#primaryimage","url":"https:\/\/beyza.oructurk.icca-reims.fr\/wp-content\/uploads\/2026\/04\/10.jpg","contentUrl":"https:\/\/beyza.oructurk.icca-reims.fr\/wp-content\/uploads\/2026\/04\/10.jpg","width":736,"height":823},{"@type":"BreadcrumbList","@id":"https:\/\/beyza.oructurk.icca-reims.fr\/#breadcrumb","itemListElement":[{"@type":"ListItem","position":1,"name":"Accueil","item":"https:\/\/beyza.oructurk.icca-reims.fr\/"},{"@type":"ListItem","position":2,"name":"Nom Pr\u00e9nom"}]},{"@type":"WebSite","@id":"https:\/\/beyza.oructurk.icca-reims.fr\/#website","url":"https:\/\/beyza.oructurk.icca-reims.fr\/","name":"Produits sublimes","description":"","potentialAction":[{"@type":"SearchAction","target":{"@type":"EntryPoint","urlTemplate":"https:\/\/beyza.oructurk.icca-reims.fr\/?s={search_term_string}"},"query-input":{"@type":"PropertyValueSpecification","valueRequired":true,"valueName":"search_term_string"}}],"inLanguage":"fr-FR"}]}},"uagb_featured_image_src":{"full":false,"thumbnail":false,"medium":false,"medium_large":false,"large":false,"1536x1536":false,"2048x2048":false},"uagb_author_info":{"display_name":"admin","author_link":"https:\/\/beyza.oructurk.icca-reims.fr\/?author=1"},"uagb_comment_info":0,"uagb_excerpt":"Je m\u2019appelle Beyza, sp\u00e9cialiste encommunication entre Paris et Reims. Pour moi, cr\u00e9er, c&rsquo;est la facult\u00e9 de traduireune pens\u00e9e abstraite en une \u00e9motiontangible. Mon parcours navigue entre le journalisme,la communication et les langues. Au quotidien, je puise mon inspiration dansla beaut\u00e9 de l\u2019ordinaire. Quel que soit le projet sur lequel jetravaille, mon intention reste la m\u00eame\u2026","_links":{"self":[{"href":"https:\/\/beyza.oructurk.icca-reims.fr\/index.php?rest_route=\/wp\/v2\/pages\/2","targetHints":{"allow":["GET"]}}],"collection":[{"href":"https:\/\/beyza.oructurk.icca-reims.fr\/index.php?rest_route=\/wp\/v2\/pages"}],"about":[{"href":"https:\/\/beyza.oructurk.icca-reims.fr\/index.php?rest_route=\/wp\/v2\/types\/page"}],"author":[{"embeddable":true,"href":"https:\/\/beyza.oructurk.icca-reims.fr\/index.php?rest_route=\/wp\/v2\/users\/1"}],"replies":[{"embeddable":true,"href":"https:\/\/beyza.oructurk.icca-reims.fr\/index.php?rest_route=%2Fwp%2Fv2%2Fcomments&post=2"}],"version-history":[{"count":1,"href":"https:\/\/beyza.oructurk.icca-reims.fr\/index.php?rest_route=\/wp\/v2\/pages\/2\/revisions"}],"predecessor-version":[{"id":13,"href":"https:\/\/beyza.oructurk.icca-reims.fr\/index.php?rest_route=\/wp\/v2\/pages\/2\/revisions\/13"}],"wp:attachment":[{"href":"https:\/\/beyza.oructurk.icca-reims.fr\/index.php?rest_route=%2Fwp%2Fv2%2Fmedia&parent=2"}],"curies":[{"name":"wp","href":"https:\/\/api.w.org\/{rel}","templated":true}]}}